{"id":10,"date":"2020-04-07T19:51:58","date_gmt":"2020-04-07T19:51:58","guid":{"rendered":"http:\/\/supervisionspraxis-keck-augsburg.de\/?page_id=10"},"modified":"2020-04-16T18:00:39","modified_gmt":"2020-04-16T18:00:39","slug":"publikationen","status":"publish","type":"page","link":"https:\/\/supervisionspraxis-keck-augsburg.de\/?page_id=10","title":{"rendered":"Publikationen"},"content":{"rendered":"\n<ul><li>P\u00e4dagogisch-psychologische Studie zum Thema Testpsychologische Diagnostik bei Entwicklungsst\u00f6rungen:<\/li><\/ul>\n\n\n\n<p>Keck, Christian (2016): Testpsychologische Erfassung von Aufmerksamkeit und Intelligenz im Rahmen der ADHS-Diagnostik bei Kindern zwischen Standard und Anpassung &#8211; Analyse klinischer Testdurchf\u00fchrungspraxis bei KiTAP und HAWIK IV, Erscheinung Ende 2016<\/p>\n\n\n\n<ul><li>Historisch-p\u00e4dagogische Monographie zur bayerischen Schul- und Bildungsgeschichte mit Schriften-Edition:<\/li><\/ul>\n\n\n\n<p>Keck, Christian (1998): Das Bildungs- und Akkulturationsprogramm des bayerischen Aufkl\u00e4rers Heinrich Braun. Eine rezeptionsgeschichtliche Werkanalyse als Beitrag zur Kulturgeschichte der katholischen Aufkl\u00e4rung in Altbayern. Mit einer Werkausgabe auf CD-ROM, M\u00fcnchen (Schriften der Philosophischen Fakult\u00e4ten der Universit\u00e4t Augsburg Nr. 58)<\/p>\n\n\n\n<ul><li>Historisch-soziologische Studie zur Stadtentwicklung:<\/li><\/ul>\n\n\n\n<p>Keck, Christian (1997): Zeitschnitte durch die Stadtentwicklung von Halberstadt im 19. und 20. Jahrhundert. Fallstudie zur st\u00e4dtebaulichen Kontinuit\u00e4t einer traditionsreichen Mittelstadt des nord\u00f6stlichen Vorharzgebietes, Bamberg (Bamberger geographische Schriften, Nr. 16)<\/p>\n\n\n\n<ul><li>Kulturgeschichtliche Studie:<\/li><\/ul>\n\n\n\n<p>Keck Christian (1996): Die Provence in der sp\u00e4ten Stauferzeit. Das Land an der Rhone im Spannungsfeld von gr\u00e4flicher Territorialpolitik, Reichspolitik Friedrichs II. und franz\u00f6sischer sowie p\u00e4pstlicher Einflussnahme, Aachen <\/p>\n","protected":false},"excerpt":{"rendered":"<p>P\u00e4dagogisch-psychologische Studie zum Thema Testpsychologische Diagnostik bei Entwicklungsst\u00f6rungen: Keck, Christian (2016): Testpsychologische Erfassung von Aufmerksamkeit und Intelligenz im Rahmen der ADHS-Diagnostik bei Kindern zwischen Standard und Anpassung &#8211; Analyse klinischer Testdurchf\u00fchrungspraxis bei KiTAP und HAWIK IV, Erscheinung Ende 2016 Historisch-p\u00e4dagogische Monographie zur bayerischen Schul- und Bildungsgeschichte mit Schriften-Edition: Keck, Christian (1998): Das Bildungs- und Akkulturationsprogramm&hellip;<a href=\"https:\/\/supervisionspraxis-keck-augsburg.de\/?page_id=10\" class=\"more-link\">Continue reading <span class=\"screen-reader-text\">Publikationen<\/span><\/a><\/p>\n","protected":false},"author":1,"featured_media":0,"parent":0,"menu_order":0,"comment_status":"closed","ping_status":"closed","template":"","meta":{"footnotes":""},"_links":{"self":[{"href":"https:\/\/supervisionspraxis-keck-augsburg.de\/index.php?rest_route=\/wp\/v2\/pages\/10"}],"collection":[{"href":"https:\/\/supervisionspraxis-keck-augsburg.de\/index.php?rest_route=\/wp\/v2\/pages"}],"about":[{"href":"https:\/\/supervisionspraxis-keck-augsburg.de\/index.php?rest_route=\/wp\/v2\/types\/page"}],"author":[{"embeddable":true,"href":"https:\/\/supervisionspraxis-keck-augsburg.de\/index.php?rest_route=\/wp\/v2\/users\/1"}],"replies":[{"embeddable":true,"href":"https:\/\/supervisionspraxis-keck-augsburg.de\/index.php?rest_route=%2Fwp%2Fv2%2Fcomments&post=10"}],"version-history":[{"count":2,"href":"https:\/\/supervisionspraxis-keck-augsburg.de\/index.php?rest_route=\/wp\/v2\/pages\/10\/revisions"}],"predecessor-version":[{"id":174,"href":"https:\/\/supervisionspraxis-keck-augsburg.de\/index.php?rest_route=\/wp\/v2\/pages\/10\/revisions\/174"}],"wp:attachment":[{"href":"https:\/\/supervisionspraxis-keck-augsburg.de\/index.php?rest_route=%2Fwp%2Fv2%2Fmedia&parent=10"}],"curies":[{"name":"wp","href":"https:\/\/api.w.org\/{rel}","templated":true}]}}