{"id":12,"date":"2020-04-07T20:43:08","date_gmt":"2020-04-07T20:43:08","guid":{"rendered":"http:\/\/supervisionspraxis-keck-augsburg.de\/?page_id=12"},"modified":"2020-04-16T17:55:15","modified_gmt":"2020-04-16T17:55:15","slug":"supervision","status":"publish","type":"page","link":"https:\/\/supervisionspraxis-keck-augsburg.de\/?page_id=12","title":{"rendered":"Supervision und Coaching"},"content":{"rendered":"\n<h4 class=\"wp-block-heading\"><strong>Systemische Supervision und Systemisches Coaching (DGSv)<\/strong><\/h4>\n\n\n\n<p>Unsere Welt wird immer komplizierter, und auch unsere Berufs- und Lebensfragen immer herausfordernder wie komplexer. Oft gehen \u00dcberblick und Ma\u00dfstab verloren, viele Menschen geraten dabei in eine sich zuspitzende Problemhaltung. Dabei verlangen die Herausforderungen nach zukunftsf\u00e4higen konstruktiven Antworten und damit nach pers\u00f6nlicher Kl\u00e4rung, Orientierung und Ausrichtung.<\/p>\n\n\n\n<p><strong>Heraus aus der Stresshaltung, hinein in die L\u00f6sungshaltung!<\/strong><\/p>\n\n\n\n<p><strong>\u2026 mit l\u00f6sungsorientierter Systemischer Supervision und Systemischem Coaching<\/strong><\/p>\n\n\n\n<p>Ich arbeite mit dem M\u00fcnchner Lebensflussmodell. Mein systemisches, l\u00f6sungsorientiertes Supervisions- und Coaching-Angebot richtet sich an Teams, Subsystemen von Institutionen, F\u00fchrungskr\u00e4ften, Fachleuten und allgemein an Einzelpersonen.<\/p>\n\n\n\n<p>Meine <strong>Supervisionen<\/strong> werden insbesondere in folgenden fachlichen Bereichen nachgefragt: Sozialpychiatrie, Jugend-\/Familienhilfe, ambulante und station\u00e4re Kranken-\/Alten-Pflege, Hospiz, Behindertenhilfe, Arztpraxen\/Krankenh\u00e4user, Sozialprojekten,&nbsp; Pfarrgemeinden, Integrationsfirmen etc.<\/p>\n\n\n\n<p>Mein <strong>Coaching<\/strong>-Angebot wird in herausfordernden Berufs- und Lebensfragen angefragt, die nach pers\u00f6nlicher Kl\u00e4rung, Orientierung und Ausrichtung verlangen.<\/p>\n\n\n\n<p>Kosten: in der Regel 100 Euro pro Stunde nach Vereinbarung<\/p>\n\n\n\n<p><strong><br><\/strong><\/p>\n","protected":false},"excerpt":{"rendered":"<p>Systemische Supervision und Systemisches Coaching (DGSv) Unsere Welt wird immer komplizierter, und auch unsere Berufs- und Lebensfragen immer herausfordernder wie komplexer. Oft gehen \u00dcberblick und Ma\u00dfstab verloren, viele Menschen geraten dabei in eine sich zuspitzende Problemhaltung. Dabei verlangen die Herausforderungen nach zukunftsf\u00e4higen konstruktiven Antworten und damit nach pers\u00f6nlicher Kl\u00e4rung, Orientierung und Ausrichtung. Heraus aus der&hellip;<a href=\"https:\/\/supervisionspraxis-keck-augsburg.de\/?page_id=12\" class=\"more-link\">Continue reading <span class=\"screen-reader-text\">Supervision und Coaching<\/span><\/a><\/p>\n","protected":false},"author":1,"featured_media":0,"parent":0,"menu_order":0,"comment_status":"closed","ping_status":"closed","template":"","meta":{"footnotes":""},"_links":{"self":[{"href":"https:\/\/supervisionspraxis-keck-augsburg.de\/index.php?rest_route=\/wp\/v2\/pages\/12"}],"collection":[{"href":"https:\/\/supervisionspraxis-keck-augsburg.de\/index.php?rest_route=\/wp\/v2\/pages"}],"about":[{"href":"https:\/\/supervisionspraxis-keck-augsburg.de\/index.php?rest_route=\/wp\/v2\/types\/page"}],"author":[{"embeddable":true,"href":"https:\/\/supervisionspraxis-keck-augsburg.de\/index.php?rest_route=\/wp\/v2\/users\/1"}],"replies":[{"embeddable":true,"href":"https:\/\/supervisionspraxis-keck-augsburg.de\/index.php?rest_route=%2Fwp%2Fv2%2Fcomments&post=12"}],"version-history":[{"count":6,"href":"https:\/\/supervisionspraxis-keck-augsburg.de\/index.php?rest_route=\/wp\/v2\/pages\/12\/revisions"}],"predecessor-version":[{"id":171,"href":"https:\/\/supervisionspraxis-keck-augsburg.de\/index.php?rest_route=\/wp\/v2\/pages\/12\/revisions\/171"}],"wp:attachment":[{"href":"https:\/\/supervisionspraxis-keck-augsburg.de\/index.php?rest_route=%2Fwp%2Fv2%2Fmedia&parent=12"}],"curies":[{"name":"wp","href":"https:\/\/api.w.org\/{rel}","templated":true}]}}