{"id":29,"date":"2020-04-07T20:41:21","date_gmt":"2020-04-07T20:41:21","guid":{"rendered":"http:\/\/supervisionspraxis-keck-augsburg.de\/?page_id=29"},"modified":"2020-04-16T17:57:24","modified_gmt":"2020-04-16T17:57:24","slug":"paartherapie","status":"publish","type":"page","link":"https:\/\/supervisionspraxis-keck-augsburg.de\/?page_id=29","title":{"rendered":"Systemische Paartherapie"},"content":{"rendered":"\n<p><strong>Die Paar-Krise als Herausforderung von Ver\u00e4nderung und Weiterentwicklung<\/strong><\/p>\n\n\n\n<p><strong>\u201ePaar zu werden ist nicht schwer, es zu bleiben umso mehr.\u201c<\/strong>&nbsp; Auch Paarbeziehungen sind einem st\u00e4ndigen Wandel unterworfen. Doch oft gleichen Paare versteinerten Welten. Es dominieren Erstarrung und Disstress. Die Partner haben bisher vergeblich versucht das sogenannte Problem zu bek\u00e4mpfen.<\/p>\n\n\n\n<p>\u00dcberraschung: Der Lebensfluss-Ansatz gibt dem Paar etwas zu tun. Wir bauen gemeinsam eine Lebensflusslandschaft mit sichtbaren Mitteln auf. Das Aufzeigen, wie viele Krisen das Paar in der Vergangenheit mit eigenen Kr\u00e4ften gemeistert hat, baut Selbstbewusstsein und Energie auf. Wenn dann beide Partner in der Vorstellung in der Zukunft stehen und vor dem geistigen Auge die n\u00e4chste Lebensphase erahnen, gibt das einen positiven Stimmungsumschwung und neue Perspektiven: \u201eWir werden es schaffen\u201c (Beispiele: Wieder zusammenfinden, Blickkontakt wieder aufnehmen, auf den anderen zugehen, Ber\u00fchrung, Atem verst\u00e4rken, K\u00f6rperkontakt, Auss\u00f6hnungsrituale. Streitkultur einf\u00fchren, Trennungstendenzen bearbeiten, Kinder st\u00e4rken \u2026)<\/p>\n\n\n\n<p>Aus meiner Erfahrung sind vor allem folgende Methoden in&nbsp; \u201eversteinerten\u201c oder hoch dynamischen Familiensituationen hilfreich:<\/p>\n\n\n\n<p>&#8211; <strong>L\u00f6sungsorientierte Gespr\u00e4chsf\u00fchrung<\/strong>: Die Entwicklungsgespr\u00e4che mit Familien werden von Anfang an in eine konstruktive Richtung gelenkt und bei R\u00fcckschl\u00e4gen wieder auf die eigentlichen Ziele zur\u00fcckgef\u00fchrt.<\/p>\n\n\n\n<p>&#8211; <strong>Nicht nur reden, vor allem auch gemeinsam tun<\/strong>: z.B. Skulpturen nach Virginia Satir und L\u00f6sungsbilder nach dem M\u00fcnchner Lebensfluss- und Entwicklungsfluss-Modell bauen<\/p>\n\n\n\n<p>&#8211; <strong>Anschaulichkeit und Blick auf St\u00e4rken<\/strong>, nicht Defizite: Durch systemische Techniken eigene Ressourcen entdecken und erweitern, spielerisch L\u00f6sungen finden, Hoffnung und Zuversicht f\u00f6rdern, eigene Kraft und St\u00e4rke erleben und den Mut bekommen, Neues zu wagen (\u00fcber \u201eLebensfluss-Arbeit\u201c mit Figuren, Stofftieren, Podesten, Genogrammarbeit, Familienrekonstruktion etc.). <\/p>\n\n\n\n<p>Kosten: in der Regel 100 Euro pro Stunde nach Vereinbarung<\/p>\n","protected":false},"excerpt":{"rendered":"<p>Die Paar-Krise als Herausforderung von Ver\u00e4nderung und Weiterentwicklung \u201ePaar zu werden ist nicht schwer, es zu bleiben umso mehr.\u201c&nbsp; Auch Paarbeziehungen sind einem st\u00e4ndigen Wandel unterworfen. Doch oft gleichen Paare versteinerten Welten. Es dominieren Erstarrung und Disstress. Die Partner haben bisher vergeblich versucht das sogenannte Problem zu bek\u00e4mpfen. \u00dcberraschung: Der Lebensfluss-Ansatz gibt dem Paar etwas&hellip;<a href=\"https:\/\/supervisionspraxis-keck-augsburg.de\/?page_id=29\" class=\"more-link\">Continue reading <span class=\"screen-reader-text\">Systemische Paartherapie<\/span><\/a><\/p>\n","protected":false},"author":1,"featured_media":0,"parent":0,"menu_order":0,"comment_status":"closed","ping_status":"closed","template":"","meta":{"footnotes":""},"_links":{"self":[{"href":"https:\/\/supervisionspraxis-keck-augsburg.de\/index.php?rest_route=\/wp\/v2\/pages\/29"}],"collection":[{"href":"https:\/\/supervisionspraxis-keck-augsburg.de\/index.php?rest_route=\/wp\/v2\/pages"}],"about":[{"href":"https:\/\/supervisionspraxis-keck-augsburg.de\/index.php?rest_route=\/wp\/v2\/types\/page"}],"author":[{"embeddable":true,"href":"https:\/\/supervisionspraxis-keck-augsburg.de\/index.php?rest_route=\/wp\/v2\/users\/1"}],"replies":[{"embeddable":true,"href":"https:\/\/supervisionspraxis-keck-augsburg.de\/index.php?rest_route=%2Fwp%2Fv2%2Fcomments&post=29"}],"version-history":[{"count":5,"href":"https:\/\/supervisionspraxis-keck-augsburg.de\/index.php?rest_route=\/wp\/v2\/pages\/29\/revisions"}],"predecessor-version":[{"id":172,"href":"https:\/\/supervisionspraxis-keck-augsburg.de\/index.php?rest_route=\/wp\/v2\/pages\/29\/revisions\/172"}],"wp:attachment":[{"href":"https:\/\/supervisionspraxis-keck-augsburg.de\/index.php?rest_route=%2Fwp%2Fv2%2Fmedia&parent=29"}],"curies":[{"name":"wp","href":"https:\/\/api.w.org\/{rel}","templated":true}]}}