{"id":31,"date":"2020-04-07T20:41:48","date_gmt":"2020-04-07T20:41:48","guid":{"rendered":"http:\/\/supervisionspraxis-keck-augsburg.de\/?page_id=31"},"modified":"2020-04-16T16:31:22","modified_gmt":"2020-04-16T16:31:22","slug":"mediation","status":"publish","type":"page","link":"https:\/\/supervisionspraxis-keck-augsburg.de\/?page_id=31","title":{"rendered":"Mediation bei Konflikten"},"content":{"rendered":"\n<p><strong>Mediation und Konfliktmoderation (DGSv)<\/strong><\/p>\n\n\n\n<p>Mediation \u2013 was ist das? In Konflikten prallen unterschiedliche Vorstellungen, Meinungen, \u00dcberzeugungen, Interessen und Bed\u00fcrfnisse aufeinander. Wird diese Unterschiedlichkeit von den Konfliktbeteiligten negativ erlebt und destruktiv ausagiert, eskaliert der Konflikt. Die Akteure begeben sich Kampf- und Abwehrhaltungen und verengen ihre Kommunikation. Um solche Konflikte aufzufangen und zu deeskalieren, erweist sich eine Mediation durch einen neutralen professionellen Konfliktmoderator als hilfreich.<\/p>\n\n\n\n<p>Auch hier gilt: <strong>Heraus aus der Stresshaltung, hinein in die L\u00f6sungshaltung!<\/strong><\/p>\n\n\n\n<p>Die Konfliktbeteiligten werden mithilfe systemischer Methoden angeregt, sich schrittweise aus ihrer Kampfhaltung herauszubewegen, sich wieder zuh\u00f6ren und einander in die Augen zu sehen. Der Konflikt kann dabei nicht nur als Schicksalsschlag oder Unfall, sondern auch als Chance gesehen werden, Unterschiedlichkeit konstruktiv wahrzunehmen und daraus k\u00fcnftig gemeinsame Ressourcen f\u00fcr eine einander befruchtende Kooperation und ein bereicherndes Zusammenleben zu gewinnen.<\/p>\n\n\n\n<p>Mein systemisches, l\u00f6sungsorientiertes Angebot richtet sich an Teams, Subsystemen von Institutionen, F\u00fchrungskr\u00e4ften, Fachleuten und allgemein an Einzelpersonen.<\/p>\n\n\n\n<p>Kosten: in der Regel 100 Euro pro Stunde nach Vereinbarung<\/p>\n","protected":false},"excerpt":{"rendered":"<p>Mediation und Konfliktmoderation (DGSv) Mediation \u2013 was ist das? In Konflikten prallen unterschiedliche Vorstellungen, Meinungen, \u00dcberzeugungen, Interessen und Bed\u00fcrfnisse aufeinander. Wird diese Unterschiedlichkeit von den Konfliktbeteiligten negativ erlebt und destruktiv ausagiert, eskaliert der Konflikt. Die Akteure begeben sich Kampf- und Abwehrhaltungen und verengen ihre Kommunikation. Um solche Konflikte aufzufangen und zu deeskalieren, erweist sich eine&hellip;<a href=\"https:\/\/supervisionspraxis-keck-augsburg.de\/?page_id=31\" class=\"more-link\">Continue reading <span class=\"screen-reader-text\">Mediation bei Konflikten<\/span><\/a><\/p>\n","protected":false},"author":1,"featured_media":0,"parent":0,"menu_order":0,"comment_status":"closed","ping_status":"closed","template":"","meta":{"footnotes":""},"_links":{"self":[{"href":"https:\/\/supervisionspraxis-keck-augsburg.de\/index.php?rest_route=\/wp\/v2\/pages\/31"}],"collection":[{"href":"https:\/\/supervisionspraxis-keck-augsburg.de\/index.php?rest_route=\/wp\/v2\/pages"}],"about":[{"href":"https:\/\/supervisionspraxis-keck-augsburg.de\/index.php?rest_route=\/wp\/v2\/types\/page"}],"author":[{"embeddable":true,"href":"https:\/\/supervisionspraxis-keck-augsburg.de\/index.php?rest_route=\/wp\/v2\/users\/1"}],"replies":[{"embeddable":true,"href":"https:\/\/supervisionspraxis-keck-augsburg.de\/index.php?rest_route=%2Fwp%2Fv2%2Fcomments&post=31"}],"version-history":[{"count":5,"href":"https:\/\/supervisionspraxis-keck-augsburg.de\/index.php?rest_route=\/wp\/v2\/pages\/31\/revisions"}],"predecessor-version":[{"id":149,"href":"https:\/\/supervisionspraxis-keck-augsburg.de\/index.php?rest_route=\/wp\/v2\/pages\/31\/revisions\/149"}],"wp:attachment":[{"href":"https:\/\/supervisionspraxis-keck-augsburg.de\/index.php?rest_route=%2Fwp%2Fv2%2Fmedia&parent=31"}],"curies":[{"name":"wp","href":"https:\/\/api.w.org\/{rel}","templated":true}]}}