{"id":59,"date":"2020-04-07T21:01:46","date_gmt":"2020-04-07T21:01:46","guid":{"rendered":"http:\/\/supervisionspraxis-keck-augsburg.de\/?page_id=59"},"modified":"2020-04-16T17:53:09","modified_gmt":"2020-04-16T17:53:09","slug":"meine-angebote","status":"publish","type":"page","link":"https:\/\/supervisionspraxis-keck-augsburg.de\/?page_id=59","title":{"rendered":"Meine Angebote"},"content":{"rendered":"\n<p><strong>Supervision in Bechhofen und Augsburg \u2013 systemische Impulse zur Problem- und Konfliktbew\u00e4ltigung<\/strong><\/p>\n\n\n\n<p>In unserer agilen Welt werden auch die herausfordernden Berufs- und Lebensfragen immer komplexer und verlangen nach einer konstruktiven Antwort und damit nach pers\u00f6nlicher Kl\u00e4rung, Orientierung und Ausrichtung.<\/p>\n\n\n\n<p>In der Praxis f\u00fcr Supervision Dr. Christian Keck in Bechhofen und Augsburg finden Teams und Einzelpersonen zeitgem\u00e4\u00dfe und effektive Anst\u00f6\u00dfe, um genau diesen Herausforderungen erfolgreich zu begegnen: in den Formaten Supervision, Coaching und Mediation.<\/p>\n\n\n\n<p>Supervision &#8211; was ist das eigentlich? Der Begriff kommt aus dem Lateinischen und bedeutet so viel wie &#8222;\u00dcberblick&#8220;. Man versteht darunter eine Form der Beratung sowohl einzelner Gruppen aber auch von Einzelpersonen zum Zweck der Bew\u00e4ltigung unterschiedlichster Probleme und Konflikte. &#8222;Klienten &#8222;, besser gesagt: Supervisanden lernen in einer systemischen Supervision, d. h. einer vom Supervisor moderierten Sitzung ihr Handeln selbstkritisch aus mehreren Blickwinkeln zu pr\u00fcfen, zu hinterfragen und zu verbessern.<\/p>\n\n\n\n<p>In Bechhofen und Augsburg biete ich Supervision, Coaching und Mediation zur Bew\u00e4ltigung von Stress- und Konfliktsituationen an. L\u00f6sungsorientierte systemische Supervision schafft zuverl\u00e4ssige M\u00f6glichkeiten, um aus einer kontraproduktiven Stresshaltung in eine konstruktive L\u00f6sungshaltung zu gelangen.<\/p>\n","protected":false},"excerpt":{"rendered":"<p>Supervision in Bechhofen und Augsburg \u2013 systemische Impulse zur Problem- und Konfliktbew\u00e4ltigung In unserer agilen Welt werden auch die herausfordernden Berufs- und Lebensfragen immer komplexer und verlangen nach einer konstruktiven Antwort und damit nach pers\u00f6nlicher Kl\u00e4rung, Orientierung und Ausrichtung. In der Praxis f\u00fcr Supervision Dr. Christian Keck in Bechhofen und Augsburg finden Teams und Einzelpersonen&hellip;<a href=\"https:\/\/supervisionspraxis-keck-augsburg.de\/?page_id=59\" class=\"more-link\">Continue reading <span class=\"screen-reader-text\">Meine Angebote<\/span><\/a><\/p>\n","protected":false},"author":1,"featured_media":0,"parent":0,"menu_order":0,"comment_status":"closed","ping_status":"closed","template":"","meta":{"footnotes":""},"_links":{"self":[{"href":"https:\/\/supervisionspraxis-keck-augsburg.de\/index.php?rest_route=\/wp\/v2\/pages\/59"}],"collection":[{"href":"https:\/\/supervisionspraxis-keck-augsburg.de\/index.php?rest_route=\/wp\/v2\/pages"}],"about":[{"href":"https:\/\/supervisionspraxis-keck-augsburg.de\/index.php?rest_route=\/wp\/v2\/types\/page"}],"author":[{"embeddable":true,"href":"https:\/\/supervisionspraxis-keck-augsburg.de\/index.php?rest_route=\/wp\/v2\/users\/1"}],"replies":[{"embeddable":true,"href":"https:\/\/supervisionspraxis-keck-augsburg.de\/index.php?rest_route=%2Fwp%2Fv2%2Fcomments&post=59"}],"version-history":[{"count":4,"href":"https:\/\/supervisionspraxis-keck-augsburg.de\/index.php?rest_route=\/wp\/v2\/pages\/59\/revisions"}],"predecessor-version":[{"id":168,"href":"https:\/\/supervisionspraxis-keck-augsburg.de\/index.php?rest_route=\/wp\/v2\/pages\/59\/revisions\/168"}],"wp:attachment":[{"href":"https:\/\/supervisionspraxis-keck-augsburg.de\/index.php?rest_route=%2Fwp%2Fv2%2Fmedia&parent=59"}],"curies":[{"name":"wp","href":"https:\/\/api.w.org\/{rel}","templated":true}]}}